{"id":1303,"date":"2026-02-19T16:17:21","date_gmt":"2026-02-19T21:17:21","guid":{"rendered":"https:\/\/laguatina.org\/?page_id=1303"},"modified":"2026-04-24T08:53:23","modified_gmt":"2026-04-24T13:53:23","slug":"somos-la-buitrera","status":"publish","type":"page","link":"https:\/\/laguatina.org\/index.php\/somos-la-buitrera\/","title":{"rendered":"SOMOS LA BUITRERA"},"content":{"rendered":"\t\t<div data-elementor-type=\"wp-page\" data-elementor-id=\"1303\" class=\"elementor elementor-1303\" data-elementor-post-type=\"page\">\n\t\t\t\t<div class=\"elementor-element elementor-element-bc848a4 e-flex e-con-boxed e-con e-parent\" data-id=\"bc848a4\" data-element_type=\"container\" data-e-type=\"container\">\n\t\t\t\t\t<div class=\"e-con-inner\">\n\t\t<div class=\"elementor-element elementor-element-41d5665 e-con-full e-flex e-con e-child\" data-id=\"41d5665\" data-element_type=\"container\" data-e-type=\"container\">\n\t\t\t\t<div class=\"elementor-element elementor-element-adbf5a4 elementor-widget elementor-widget-heading\" data-id=\"adbf5a4\" data-element_type=\"widget\" data-e-type=\"widget\" data-widget_type=\"heading.default\">\n\t\t\t\t\t<h1 class=\"elementor-heading-title elementor-size-default\">Somos La Buitrera | Identidad, Cultura y Comunidad en La Guatina<\/h1>\t\t\t\t<\/div>\n\t\t\t\t<div class=\"elementor-element elementor-element-6c1385c elementor-widget elementor-widget-heading\" data-id=\"6c1385c\" data-element_type=\"widget\" data-e-type=\"widget\" data-widget_type=\"heading.default\">\n\t\t\t\t\t<h2 class=\"elementor-heading-title elementor-size-default\">Conoce la esencia de La Buitrera: un territorio vivo construido por su comunidad. En La Guatina fortalecemos identidad, cultura, memoria y participaci\u00f3n para un futuro colectivo.<\/h2>\t\t\t\t<\/div>\n\t\t\t\t<div class=\"elementor-element elementor-element-3e7c918 elementor-widget elementor-widget-text-editor\" data-id=\"3e7c918\" data-element_type=\"widget\" data-e-type=\"widget\" data-widget_type=\"text-editor.default\">\n\t\t\t\t\t\t\t\t\t<p><img fetchpriority=\"high\" decoding=\"async\" class=\"wp-image-93  alignright\" src=\"https:\/\/laguatina.org\/wp-content\/uploads\/2026\/02\/logo-laguatina-redondeado-278x300.png\" alt=\"\" width=\"436\" height=\"471\" srcset=\"https:\/\/laguatina.org\/wp-content\/uploads\/2026\/02\/logo-laguatina-redondeado-278x300.png 278w, https:\/\/laguatina.org\/wp-content\/uploads\/2026\/02\/logo-laguatina-redondeado-768x828.png 768w, https:\/\/laguatina.org\/wp-content\/uploads\/2026\/02\/logo-laguatina-redondeado.png 776w\" sizes=\"(max-width: 436px) 100vw, 436px\" \/>El Centro Cultural de La Buitrera, La Guatina, nace de una convicci\u00f3n profunda: <strong>la identidad y la soberan\u00eda de nuestro territorio son un patrimonio vivo<\/strong>, una fuerza que se cultiva d\u00eda a d\u00eda en la memoria, en la tierra y en la voluntad de quienes la habitan. Somos una comunidad que reconoce en su historia, en sus monta\u00f1as y en su diversidad humana, un horizonte com\u00fan que merece ser cuidado, fortalecido y celebrado.<\/p><p>Nuestra raz\u00f3n de ser se sostiene en una idea sencilla pero poderosa: <strong>cuando una comunidad se organiza y decide hacer las cosas bien, con rigor, cari\u00f1o y visi\u00f3n, el desarrollo rural deja de ser un anhelo y se convierte en una realidad posible<\/strong>. En La Guatina, esa voluntad colectiva es la chispa que impulsa cada proyecto, cada encuentro y cada gesto de colaboraci\u00f3n.<\/p><p>Creemos en un territorio que se piensa a s\u00ed mismo, que se reconoce en sus saberes y que se proyecta hacia el futuro sin renunciar a su esencia. Por eso, nuestro centro cultural es un espacio para <strong>tejer identidad<\/strong>, para <strong>fortalecer la soberan\u00eda cultural<\/strong>, para <strong>activar la creatividad local<\/strong> y para <strong>abrir caminos de participaci\u00f3n y aprendizaje<\/strong> que dignifiquen la vida rural.<\/p><p>Aqu\u00ed convergen la memoria campesina, las expresiones art\u00edsticas, la educaci\u00f3n comunitaria y el deseo de construir un lugar donde todas las voces tengan espacio. Somos un punto de encuentro, un laboratorio de ideas, un refugio para la cultura y un motor para el desarrollo sostenible de La Buitrera.<\/p><p>En La Guatina, avanzamos porque creemos en lo que somos y en lo que podemos llegar a ser. Avanzamos porque la comunidad lo impulsa. Avanzamos porque la regi\u00f3n lo merece.<\/p>\t\t\t\t\t\t\t\t<\/div>\n\t\t\t\t<\/div>\n\t\t\t\t\t<\/div>\n\t\t\t\t<\/div>\n\t\t<div class=\"elementor-element elementor-element-d203522 e-flex e-con-boxed e-con e-parent\" data-id=\"d203522\" data-element_type=\"container\" data-e-type=\"container\">\n\t\t\t\t\t<div class=\"e-con-inner\">\n\t\t<div class=\"elementor-element elementor-element-1e1e98c e-con-full e-flex e-con e-child\" data-id=\"1e1e98c\" data-element_type=\"container\" data-e-type=\"container\">\n\t\t\t\t<div class=\"elementor-element elementor-element-8aeb79b elementor-widget elementor-widget-video\" data-id=\"8aeb79b\" data-element_type=\"widget\" data-e-type=\"widget\" data-settings=\"{&quot;youtube_url&quot;:&quot;https:\\\/\\\/youtu.be\\\/aAEyUs4jmbM?si=pCSblthy3dxjCFGi&quot;,&quot;show_image_overlay&quot;:&quot;yes&quot;,&quot;image_overlay&quot;:{&quot;url&quot;:&quot;https:\\\/\\\/laguatina.org\\\/wp-content\\\/uploads\\\/2026\\\/02\\\/260220-nrs-01.webp&quot;,&quot;id&quot;:2174,&quot;size&quot;:&quot;&quot;,&quot;alt&quot;:&quot;&quot;,&quot;source&quot;:&quot;library&quot;},&quot;video_type&quot;:&quot;youtube&quot;,&quot;controls&quot;:&quot;yes&quot;}\" data-widget_type=\"video.default\">\n\t\t\t\t\t\t\t<div class=\"elementor-wrapper elementor-open-inline\">\n\t\t\t<div class=\"elementor-video\"><\/div>\t\t\t\t<div class=\"elementor-custom-embed-image-overlay\" style=\"background-image: url(https:\/\/laguatina.org\/wp-content\/uploads\/2026\/02\/260220-nrs-01.webp);\">\n\t\t\t\t\t\t\t\t\t\t\t\t\t\t\t\t<div class=\"elementor-custom-embed-play\" role=\"button\" aria-label=\"Reproducir v\u00eddeo\" tabindex=\"0\">\n\t\t\t\t\t\t\t<svg aria-hidden=\"true\" class=\"e-font-icon-svg e-eicon-play\" viewBox=\"0 0 1000 1000\" xmlns=\"http:\/\/www.w3.org\/2000\/svg\"><path d=\"M838 162C746 71 633 25 500 25 371 25 258 71 163 162 71 254 25 367 25 500 25 633 71 746 163 837 254 929 367 979 500 979 633 979 746 933 838 837 929 746 975 633 975 500 975 367 929 254 838 162M808 192C892 279 933 379 933 500 933 621 892 725 808 808 725 892 621 938 500 938 379 938 279 896 196 808 113 725 67 621 67 500 67 379 108 279 196 192 279 108 383 62 500 62 621 62 721 108 808 192M438 392V642L642 517 438 392Z\"><\/path><\/svg>\t\t\t\t\t\t<\/div>\n\t\t\t\t\t\t\t\t\t<\/div>\n\t\t\t\t\t<\/div>\n\t\t\t\t\t\t<\/div>\n\t\t\t\t<\/div>\n\t\t<div class=\"elementor-element elementor-element-b64c7aa e-con-full e-flex e-con e-child\" data-id=\"b64c7aa\" data-element_type=\"container\" data-e-type=\"container\">\n\t\t\t\t<div class=\"elementor-element elementor-element-29c5ed6 elementor-widget elementor-widget-video\" data-id=\"29c5ed6\" data-element_type=\"widget\" data-e-type=\"widget\" data-settings=\"{&quot;youtube_url&quot;:&quot;https:\\\/\\\/youtu.be\\\/kqGfmqxexrM?si=1wHym4Cxx10i2_N5&quot;,&quot;show_image_overlay&quot;:&quot;yes&quot;,&quot;image_overlay&quot;:{&quot;url&quot;:&quot;https:\\\/\\\/laguatina.org\\\/wp-content\\\/uploads\\\/2026\\\/02\\\/260220-nrs-02.webp&quot;,&quot;id&quot;:2175,&quot;size&quot;:&quot;&quot;,&quot;alt&quot;:&quot;&quot;,&quot;source&quot;:&quot;library&quot;},&quot;video_type&quot;:&quot;youtube&quot;,&quot;controls&quot;:&quot;yes&quot;}\" data-widget_type=\"video.default\">\n\t\t\t\t\t\t\t<div class=\"elementor-wrapper elementor-open-inline\">\n\t\t\t<div class=\"elementor-video\"><\/div>\t\t\t\t<div class=\"elementor-custom-embed-image-overlay\" style=\"background-image: url(https:\/\/laguatina.org\/wp-content\/uploads\/2026\/02\/260220-nrs-02.webp);\">\n\t\t\t\t\t\t\t\t\t\t\t\t\t\t\t\t<div class=\"elementor-custom-embed-play\" role=\"button\" aria-label=\"Reproducir v\u00eddeo\" tabindex=\"0\">\n\t\t\t\t\t\t\t<svg aria-hidden=\"true\" class=\"e-font-icon-svg e-eicon-play\" viewBox=\"0 0 1000 1000\" xmlns=\"http:\/\/www.w3.org\/2000\/svg\"><path d=\"M838 162C746 71 633 25 500 25 371 25 258 71 163 162 71 254 25 367 25 500 25 633 71 746 163 837 254 929 367 979 500 979 633 979 746 933 838 837 929 746 975 633 975 500 975 367 929 254 838 162M808 192C892 279 933 379 933 500 933 621 892 725 808 808 725 892 621 938 500 938 379 938 279 896 196 808 113 725 67 621 67 500 67 379 108 279 196 192 279 108 383 62 500 62 621 62 721 108 808 192M438 392V642L642 517 438 392Z\"><\/path><\/svg>\t\t\t\t\t\t<\/div>\n\t\t\t\t\t\t\t\t\t<\/div>\n\t\t\t\t\t<\/div>\n\t\t\t\t\t\t<\/div>\n\t\t\t\t<\/div>\n\t\t<div class=\"elementor-element elementor-element-75d0bb5 e-con-full e-flex e-con e-child\" data-id=\"75d0bb5\" data-element_type=\"container\" data-e-type=\"container\">\n\t\t\t\t<div class=\"elementor-element elementor-element-605a89d elementor-widget elementor-widget-image\" data-id=\"605a89d\" data-element_type=\"widget\" data-e-type=\"widget\" data-widget_type=\"image.default\">\n\t\t\t\t\t\t\t\t\t\t\t\t\t\t\t\t<a href=\"https:\/\/www.tiktok.com\/@canal.paz.social\/video\/7557185723426688267?is_from_webapp=1\">\n\t\t\t\t\t\t\t<img decoding=\"async\" width=\"600\" height=\"338\" src=\"https:\/\/laguatina.org\/wp-content\/uploads\/2026\/02\/260217-philippe.webp\" class=\"attachment-large size-large wp-image-433\" alt=\"\" srcset=\"https:\/\/laguatina.org\/wp-content\/uploads\/2026\/02\/260217-philippe.webp 600w, https:\/\/laguatina.org\/wp-content\/uploads\/2026\/02\/260217-philippe-300x169.webp 300w\" sizes=\"(max-width: 600px) 100vw, 600px\" \/>\t\t\t\t\t\t\t\t<\/a>\n\t\t\t\t\t\t\t\t\t\t\t\t\t\t\t<\/div>\n\t\t\t\t<\/div>\n\t\t\t\t\t<\/div>\n\t\t\t\t<\/div>\n\t\t\t\t<\/div>\n\t\t","protected":false},"excerpt":{"rendered":"<p>Somos La Buitrera | Identidad, Cultura y Comunidad en La Guatina Conoce la esencia de La Buitrera: un territorio vivo construido por su comunidad. En La Guatina fortalecemos identidad, cultura, memoria y participaci\u00f3n para un futuro colectivo. El Centro Cultural de La Buitrera, La Guatina, nace de una convicci\u00f3n profunda: la identidad y la soberan\u00eda [&hellip;]<\/p>\n","protected":false},"author":3,"featured_media":0,"parent":0,"menu_order":0,"comment_status":"closed","ping_status":"closed","template":"","meta":{"footnotes":""},"class_list":["post-1303","page","type-page","status-publish","hentry"],"aioseo_notices":[],"_links":{"self":[{"href":"https:\/\/laguatina.org\/index.php\/wp-json\/wp\/v2\/pages\/1303","targetHints":{"allow":["GET"]}}],"collection":[{"href":"https:\/\/laguatina.org\/index.php\/wp-json\/wp\/v2\/pages"}],"about":[{"href":"https:\/\/laguatina.org\/index.php\/wp-json\/wp\/v2\/types\/page"}],"author":[{"embeddable":true,"href":"https:\/\/laguatina.org\/index.php\/wp-json\/wp\/v2\/users\/3"}],"replies":[{"embeddable":true,"href":"https:\/\/laguatina.org\/index.php\/wp-json\/wp\/v2\/comments?post=1303"}],"version-history":[{"count":63,"href":"https:\/\/laguatina.org\/index.php\/wp-json\/wp\/v2\/pages\/1303\/revisions"}],"predecessor-version":[{"id":4914,"href":"https:\/\/laguatina.org\/index.php\/wp-json\/wp\/v2\/pages\/1303\/revisions\/4914"}],"wp:attachment":[{"href":"https:\/\/laguatina.org\/index.php\/wp-json\/wp\/v2\/media?parent=1303"}],"curies":[{"name":"wp","href":"https:\/\/api.w.org\/{rel}","templated":true}]}}