{"id":2517,"date":"2026-03-06T09:40:50","date_gmt":"2026-03-06T14:40:50","guid":{"rendered":"https:\/\/laguatina.org\/?page_id=2517"},"modified":"2026-03-06T15:59:09","modified_gmt":"2026-03-06T20:59:09","slug":"cine-club-la-guatina","status":"publish","type":"page","link":"https:\/\/laguatina.org\/index.php\/cine-club-la-guatina\/","title":{"rendered":"Cine Club La Guatina"},"content":{"rendered":"\t\t<div data-elementor-type=\"wp-page\" data-elementor-id=\"2517\" class=\"elementor elementor-2517\" data-elementor-post-type=\"page\">\n\t\t\t\t<div class=\"elementor-element elementor-element-1121605 e-flex e-con-boxed e-con e-parent\" data-id=\"1121605\" data-element_type=\"container\" data-e-type=\"container\">\n\t\t\t\t\t<div class=\"e-con-inner\">\n\t\t\t\t<div class=\"elementor-element elementor-element-f11e935 elementor-widget elementor-widget-heading\" data-id=\"f11e935\" data-element_type=\"widget\" data-e-type=\"widget\" data-widget_type=\"heading.default\">\n\t\t\t\t\t<h2 class=\"elementor-heading-title elementor-size-default\">\ud83d\udcfd\ufe0f Bienvenidos a <br>Cine Club La Guatina<\/h2>\t\t\t\t<\/div>\n\t\t\t\t\t<\/div>\n\t\t\t\t<\/div>\n\t\t<div class=\"elementor-element elementor-element-1268354 e-flex e-con-boxed e-con e-parent\" data-id=\"1268354\" data-element_type=\"container\" data-e-type=\"container\" data-settings=\"{&quot;background_background&quot;:&quot;slideshow&quot;,&quot;background_slideshow_gallery&quot;:[{&quot;id&quot;:2543,&quot;url&quot;:&quot;https:\\\/\\\/laguatina.org\\\/wp-content\\\/uploads\\\/2026\\\/03\\\/260306-banner-cine-club-scaled.webp&quot;},{&quot;id&quot;:2548,&quot;url&quot;:&quot;https:\\\/\\\/laguatina.org\\\/wp-content\\\/uploads\\\/2026\\\/03\\\/260306-banner-cine-club-2-scaled.webp&quot;}],&quot;background_slideshow_loop&quot;:&quot;yes&quot;,&quot;background_slideshow_slide_duration&quot;:5000,&quot;background_slideshow_slide_transition&quot;:&quot;fade&quot;,&quot;background_slideshow_transition_duration&quot;:500}\">\n\t\t\t\t\t<div class=\"e-con-inner\">\n\t\t\t\t\t<\/div>\n\t\t\t\t<\/div>\n\t\t<div class=\"elementor-element elementor-element-ae8c4cc e-flex e-con-boxed e-con e-parent\" data-id=\"ae8c4cc\" data-element_type=\"container\" data-e-type=\"container\">\n\t\t\t\t\t<div class=\"e-con-inner\">\n\t\t<div class=\"elementor-element elementor-element-bb7234f e-con-full e-flex e-con e-child\" data-id=\"bb7234f\" data-element_type=\"container\" data-e-type=\"container\">\n\t\t\t\t<div class=\"elementor-element elementor-element-82a1477 elementor-widget elementor-widget-heading\" data-id=\"82a1477\" data-element_type=\"widget\" data-e-type=\"widget\" data-widget_type=\"heading.default\">\n\t\t\t\t\t<h2 class=\"elementor-heading-title elementor-size-default\">\"Donde el mundo se encuentra en el coraz\u00f3n de La Buitrera\"<\/h2>\t\t\t\t<\/div>\n\t\t\t\t<div class=\"elementor-element elementor-element-688c46e elementor-widget elementor-widget-text-editor\" data-id=\"688c46e\" data-element_type=\"widget\" data-e-type=\"widget\" data-widget_type=\"text-editor.default\">\n\t\t\t\t\t\t\t\t\t<p data-path-to-node=\"5\">\u00a1Hola, vecinos y amantes de las buenas historias!<\/p><p data-path-to-node=\"6\"><img fetchpriority=\"high\" decoding=\"async\" class=\" wp-image-2691 alignleft\" src=\"https:\/\/laguatina.org\/wp-content\/uploads\/2026\/03\/250622-cabezote-1-300x103.jpg\" alt=\"\" width=\"563\" height=\"193\" srcset=\"https:\/\/laguatina.org\/wp-content\/uploads\/2026\/03\/250622-cabezote-1-300x103.jpg 300w, https:\/\/laguatina.org\/wp-content\/uploads\/2026\/03\/250622-cabezote-1-1024x353.jpg 1024w, https:\/\/laguatina.org\/wp-content\/uploads\/2026\/03\/250622-cabezote-1-768x265.jpg 768w, https:\/\/laguatina.org\/wp-content\/uploads\/2026\/03\/250622-cabezote-1.jpg 1280w\" sizes=\"(max-width: 563px) 100vw, 563px\" \/>En el <b data-path-to-node=\"6\" data-index-in-node=\"6\">Centro Cultural La Guatina<\/b>, creemos que el cine es mucho m\u00e1s que entretenimiento, es una ventana abierta a la experiencia humana.<\/p><p data-path-to-node=\"6\">Abrimos este espacio para que entre el aire puro de nuestra zona rural y con el brillo del proyector podamos viajar sin salir de casa.<\/p><hr data-path-to-node=\"7\" \/><h3 data-path-to-node=\"8\">\u00a0<\/h3><h3 data-path-to-node=\"8\">\ud83c\udf0d Un Viaje por los Siete Mares de la Pantalla<\/h3><p><img decoding=\"async\" class=\"alignright wp-image-1298 \" src=\"https:\/\/laguatina.org\/wp-content\/uploads\/2026\/02\/260219-04.webp\" alt=\"\" width=\"304\" height=\"540\" srcset=\"https:\/\/laguatina.org\/wp-content\/uploads\/2026\/02\/260219-04.webp 750w, https:\/\/laguatina.org\/wp-content\/uploads\/2026\/02\/260219-04-169x300.webp 169w, https:\/\/laguatina.org\/wp-content\/uploads\/2026\/02\/260219-04-576x1024.webp 576w\" sizes=\"(max-width: 304px) 100vw, 304px\" \/><\/p><p data-path-to-node=\"9\">Nuestra programaci\u00f3n no tiene fronteras. En <b data-path-to-node=\"9\" data-index-in-node=\"44\">La Guatina<\/b>, celebramos la cultura universal a trav\u00e9s de sus obras maestras:<\/p><ul data-path-to-node=\"10\"><li><p data-path-to-node=\"10,0,0\"><b data-path-to-node=\"10,0,0\" data-index-in-node=\"0\">El Coraz\u00f3n de Europa:<\/b> Desde el neorrealismo italiano hasta la elegancia de la <i data-path-to-node=\"10,0,0\" data-index-in-node=\"78\">Nouvelle Vague<\/i> francesa.<\/p><\/li><li><p data-path-to-node=\"10,1,0\"><b data-path-to-node=\"10,1,0\" data-index-in-node=\"0\">La M\u00edstica de Asia:<\/b> La poes\u00eda visual de Akira Kurosawa y la intensidad del cine coreano contempor\u00e1neo.<\/p><\/li><li><p data-path-to-node=\"10,2,0\"><b data-path-to-node=\"10,2,0\" data-index-in-node=\"0\">La Fuerza de \u00c1frica y Ocean\u00eda:<\/b> Historias de ra\u00edces profundas y paisajes que desaf\u00edan la imaginaci\u00f3n.<\/p><\/li><li><p data-path-to-node=\"10,3,0\"><b data-path-to-node=\"10,3,0\" data-index-in-node=\"0\">Nuestra Identidad Americana:<\/b> El realismo m\u00e1gico del cine latinoamericano y la \u00e9pica de las grandes producciones de Hollywood.<\/p><\/li><\/ul><p data-path-to-node=\"11,0\"><i data-path-to-node=\"11,0\" data-index-in-node=\"0\">&#8220;El cine es un espejo pintado.&#8221;<\/i> \u2013 Ettore Scola. Aqu\u00ed buscamos que ese espejo nos refleje a todos, desde los cl\u00e1sicos en blanco y negro hasta las joyas ocultas del cine independiente actual.<\/p><blockquote data-path-to-node=\"11\"><p data-path-to-node=\"11,0\">\u00a0<\/p><\/blockquote><hr data-path-to-node=\"12\" \/><h3 data-path-to-node=\"17\">\ud83c\udfa5 \u00bfPor qu\u00e9 venir a La Guatina?<\/h3><p data-path-to-node=\"18\">Porque en un mundo cada vez m\u00e1s digital y solitario, <b data-path-to-node=\"18\" data-index-in-node=\"53\">sentarse a ver una pel\u00edcula con otros es un acto de resistencia y amistad.<\/b> Ven a compartir un caf\u00e9, una emoci\u00f3n y una charla sobre ese final que nos dej\u00f3 pensando.<\/p><p data-path-to-node=\"19\"><b data-path-to-node=\"19\" data-index-in-node=\"0\">\u00a1Te esperamos en la pr\u00f3xima funci\u00f3n para seguir escribiendo nuestra propia historia!<\/b><\/p><figure id=\"attachment_2777\" aria-describedby=\"caption-attachment-2777\" style=\"width: 2560px\" class=\"wp-caption aligncenter\"><a href=\"https:\/\/wa.me\/573148396313\"><img decoding=\"async\" class=\"wp-image-2777 size-full\" src=\"https:\/\/laguatina.org\/wp-content\/uploads\/2026\/03\/260306-GUATICOMIX-WHATSAPP-scaled.webp\" alt=\"\" width=\"2560\" height=\"1396\" srcset=\"https:\/\/laguatina.org\/wp-content\/uploads\/2026\/03\/260306-GUATICOMIX-WHATSAPP-scaled.webp 2560w, https:\/\/laguatina.org\/wp-content\/uploads\/2026\/03\/260306-GUATICOMIX-WHATSAPP-300x164.webp 300w, https:\/\/laguatina.org\/wp-content\/uploads\/2026\/03\/260306-GUATICOMIX-WHATSAPP-1024x559.webp 1024w, https:\/\/laguatina.org\/wp-content\/uploads\/2026\/03\/260306-GUATICOMIX-WHATSAPP-768x419.webp 768w, https:\/\/laguatina.org\/wp-content\/uploads\/2026\/03\/260306-GUATICOMIX-WHATSAPP-1536x838.webp 1536w, https:\/\/laguatina.org\/wp-content\/uploads\/2026\/03\/260306-GUATICOMIX-WHATSAPP-2048x1117.webp 2048w\" sizes=\"(max-width: 2560px) 100vw, 2560px\" \/><\/a><figcaption id=\"caption-attachment-2777\" class=\"wp-caption-text\">Haz clic en la imagen y \u00fanete al maravilloso mundo de cin\u00e9filos del Cine Club La Guatina!<\/figcaption><\/figure><p data-path-to-node=\"19\">\u00a0<\/p>\t\t\t\t\t\t\t\t<\/div>\n\t\t\t\t<\/div>\n\t\t\t\t\t<\/div>\n\t\t\t\t<\/div>\n\t\t\t\t<\/div>\n\t\t","protected":false},"excerpt":{"rendered":"<p>\ud83d\udcfd\ufe0f Bienvenidos a Cine Club La Guatina &#8220;Donde el mundo se encuentra en el coraz\u00f3n de La Buitrera&#8221; \u00a1Hola, vecinos y amantes de las buenas historias! En el Centro Cultural La Guatina, creemos que el cine es mucho m\u00e1s que entretenimiento, es una ventana abierta a la experiencia humana. Abrimos este espacio para que entre [&hellip;]<\/p>\n","protected":false},"author":3,"featured_media":0,"parent":0,"menu_order":0,"comment_status":"closed","ping_status":"closed","template":"","meta":{"footnotes":""},"class_list":["post-2517","page","type-page","status-publish","hentry"],"aioseo_notices":[],"_links":{"self":[{"href":"https:\/\/laguatina.org\/index.php\/wp-json\/wp\/v2\/pages\/2517","targetHints":{"allow":["GET"]}}],"collection":[{"href":"https:\/\/laguatina.org\/index.php\/wp-json\/wp\/v2\/pages"}],"about":[{"href":"https:\/\/laguatina.org\/index.php\/wp-json\/wp\/v2\/types\/page"}],"author":[{"embeddable":true,"href":"https:\/\/laguatina.org\/index.php\/wp-json\/wp\/v2\/users\/3"}],"replies":[{"embeddable":true,"href":"https:\/\/laguatina.org\/index.php\/wp-json\/wp\/v2\/comments?post=2517"}],"version-history":[{"count":154,"href":"https:\/\/laguatina.org\/index.php\/wp-json\/wp\/v2\/pages\/2517\/revisions"}],"predecessor-version":[{"id":2788,"href":"https:\/\/laguatina.org\/index.php\/wp-json\/wp\/v2\/pages\/2517\/revisions\/2788"}],"wp:attachment":[{"href":"https:\/\/laguatina.org\/index.php\/wp-json\/wp\/v2\/media?parent=2517"}],"curies":[{"name":"wp","href":"https:\/\/api.w.org\/{rel}","templated":true}]}}