{"id":3217,"date":"2026-03-16T10:45:02","date_gmt":"2026-03-16T15:45:02","guid":{"rendered":"https:\/\/laguatina.org\/?page_id=3217"},"modified":"2026-03-18T11:23:03","modified_gmt":"2026-03-18T16:23:03","slug":"danza","status":"publish","type":"page","link":"https:\/\/laguatina.org\/index.php\/danza\/","title":{"rendered":"Danza"},"content":{"rendered":"\t\t<div data-elementor-type=\"wp-page\" data-elementor-id=\"3217\" class=\"elementor elementor-3217\" data-elementor-post-type=\"page\">\n\t\t\t\t<div class=\"elementor-element elementor-element-af4dd36 e-flex e-con-boxed e-con e-parent\" data-id=\"af4dd36\" data-element_type=\"container\" data-e-type=\"container\">\n\t\t\t\t\t<div class=\"e-con-inner\">\n\t\t\t\t<div class=\"elementor-element elementor-element-69dbd06 elementor-widget elementor-widget-heading\" data-id=\"69dbd06\" data-element_type=\"widget\" data-e-type=\"widget\" data-widget_type=\"heading.default\">\n\t\t\t\t\t<h2 class=\"elementor-heading-title elementor-size-default\">Talleres de Danza en La Buitrera | Movimiento y comunidad \u2013 La Guatina<\/h2>\t\t\t\t<\/div>\n\t\t\t\t<div class=\"elementor-element elementor-element-d25fecc elementor-widget elementor-widget-heading\" data-id=\"d25fecc\" data-element_type=\"widget\" data-e-type=\"widget\" data-widget_type=\"heading.default\">\n\t\t\t\t\t<h2 class=\"elementor-heading-title elementor-size-default\">El Movimiento como Origen: La Danza en la Historia Humana<\/h2>\t\t\t\t<\/div>\n\t\t\t\t<div class=\"elementor-element elementor-element-6157b4a elementor-widget elementor-widget-text-editor\" data-id=\"6157b4a\" data-element_type=\"widget\" data-e-type=\"widget\" data-widget_type=\"text-editor.default\">\n\t\t\t\t\t\t\t\t\t<p><img fetchpriority=\"high\" decoding=\"async\" class=\"alignright wp-image-4088 \" src=\"https:\/\/laguatina.org\/wp-content\/uploads\/2026\/03\/260318-danza-memoria-scaled.webp\" alt=\"\" width=\"772\" height=\"421\" srcset=\"https:\/\/laguatina.org\/wp-content\/uploads\/2026\/03\/260318-danza-memoria-scaled.webp 2560w, https:\/\/laguatina.org\/wp-content\/uploads\/2026\/03\/260318-danza-memoria-300x164.webp 300w, https:\/\/laguatina.org\/wp-content\/uploads\/2026\/03\/260318-danza-memoria-1024x559.webp 1024w, https:\/\/laguatina.org\/wp-content\/uploads\/2026\/03\/260318-danza-memoria-768x419.webp 768w, https:\/\/laguatina.org\/wp-content\/uploads\/2026\/03\/260318-danza-memoria-1536x838.webp 1536w, https:\/\/laguatina.org\/wp-content\/uploads\/2026\/03\/260318-danza-memoria-2048x1117.webp 2048w\" sizes=\"(max-width: 772px) 100vw, 772px\" \/><\/p><p>Antes de las palabras, existi\u00f3 el movimiento.\u00a0En esta secci\u00f3n, exploramos c\u00f3mo la danza ha sido el lenguaje universal de la humanidad. Desde las pinturas rupestres que retrataban rituales de caza, hasta las sofisticadas cortes europeas y los ritmos fren\u00e9ticos del \u00c1frica ancestral, la danza ha sido nuestra forma de conectar con lo divino, celebrar la vida y narrar nuestra historia.<\/p>\t\t\t\t\t\t\t\t<\/div>\n\t\t\t\t<div class=\"elementor-element elementor-element-4166114 elementor-widget elementor-widget-heading\" data-id=\"4166114\" data-element_type=\"widget\" data-e-type=\"widget\" data-widget_type=\"heading.default\">\n\t\t\t\t\t<h2 class=\"elementor-heading-title elementor-size-default\">En La Guatina, entendemos que al bailar, no solo movemos el cuerpo; activamos una memoria milenaria que nos une a todas las culturas del mundo.<\/h2>\t\t\t\t<\/div>\n\t\t\t\t\t<\/div>\n\t\t\t\t<\/div>\n\t\t<div class=\"elementor-element elementor-element-89a3cf0 e-flex e-con-boxed e-con e-parent\" data-id=\"89a3cf0\" data-element_type=\"container\" data-e-type=\"container\">\n\t\t\t\t\t<div class=\"e-con-inner\">\n\t\t<div class=\"elementor-element elementor-element-5fcaf17 e-con-full e-flex e-con e-child\" data-id=\"5fcaf17\" data-element_type=\"container\" data-e-type=\"container\">\n\t\t\t\t<div class=\"elementor-element elementor-element-cbaafa0 elementor-widget elementor-widget-heading\" data-id=\"cbaafa0\" data-element_type=\"widget\" data-e-type=\"widget\" data-widget_type=\"heading.default\">\n\t\t\t\t\t<h2 class=\"elementor-heading-title elementor-size-default\">Colombia: Un Paisaje que Baila<\/h2>\t\t\t\t<\/div>\n\t\t\t\t<\/div>\n\t\t<div class=\"elementor-element elementor-element-d61ce0c e-con-full e-flex e-con e-child\" data-id=\"d61ce0c\" data-element_type=\"container\" data-e-type=\"container\">\n\t\t\t\t<div class=\"elementor-element elementor-element-69e33c0 elementor-widget elementor-widget-text-editor\" data-id=\"69e33c0\" data-element_type=\"widget\" data-e-type=\"widget\" data-widget_type=\"text-editor.default\">\n\t\t\t\t\t\t\t\t\t<p><img decoding=\"async\" class=\"alignright wp-image-4110 \" src=\"https:\/\/laguatina.org\/wp-content\/uploads\/2026\/03\/260318-danza-colombiana-scaled.webp\" alt=\"\" width=\"772\" height=\"421\" srcset=\"https:\/\/laguatina.org\/wp-content\/uploads\/2026\/03\/260318-danza-colombiana-scaled.webp 2560w, https:\/\/laguatina.org\/wp-content\/uploads\/2026\/03\/260318-danza-colombiana-300x164.webp 300w, https:\/\/laguatina.org\/wp-content\/uploads\/2026\/03\/260318-danza-colombiana-1024x559.webp 1024w, https:\/\/laguatina.org\/wp-content\/uploads\/2026\/03\/260318-danza-colombiana-768x419.webp 768w, https:\/\/laguatina.org\/wp-content\/uploads\/2026\/03\/260318-danza-colombiana-1536x838.webp 1536w, https:\/\/laguatina.org\/wp-content\/uploads\/2026\/03\/260318-danza-colombiana-2048x1117.webp 2048w\" sizes=\"(max-width: 772px) 100vw, 772px\" \/>Nuestra naci\u00f3n es un tapiz de ritmos. La riqueza de la danza colombiana radica en su trietnicidad: el encuentro de las herencias ind\u00edgena, africana y espa\u00f1ola. Esta secci\u00f3n resalta la diversidad que nos hace \u00fanicos, desde la elegancia del bambuco hasta la fuerza del mapal\u00e9.<\/p><p>La danza en Colombia es resiliencia, fortaleza, tenacidad, adaptabilidad, es fiesta y es, ante todo, un acto de identidad nacional que en La Guatina queremosl aportar un granito de arena para su preservaci\u00f3n y difusi\u00f3n.<\/p>\t\t\t\t\t\t\t\t<\/div>\n\t\t\t\t<\/div>\n\t\t\t\t\t<\/div>\n\t\t\t\t<\/div>\n\t\t<div class=\"elementor-element elementor-element-d5582a9 e-flex e-con-boxed e-con e-parent\" data-id=\"d5582a9\" data-element_type=\"container\" data-e-type=\"container\" data-settings=\"{&quot;background_background&quot;:&quot;classic&quot;}\">\n\t\t\t\t\t<div class=\"e-con-inner\">\n\t\t<div class=\"elementor-element elementor-element-1060ded e-con-full e-flex e-con e-child\" data-id=\"1060ded\" data-element_type=\"container\" data-e-type=\"container\">\n\t\t\t\t<div class=\"elementor-element elementor-element-7783067 elementor-arrows-position-inside elementor-widget elementor-widget-n-carousel\" data-id=\"7783067\" data-element_type=\"widget\" data-e-type=\"widget\" data-settings=\"{&quot;carousel_items&quot;:[{&quot;slide_title&quot;:&quot;Slide #1&quot;,&quot;_id&quot;:&quot;517c6b7&quot;}],&quot;slides_to_show&quot;:&quot;1&quot;,&quot;slides_to_show_mobile&quot;:&quot;6&quot;,&quot;slides_to_show_tablet&quot;:&quot;2&quot;,&quot;autoplay&quot;:&quot;yes&quot;,&quot;autoplay_speed&quot;:5000,&quot;pause_on_hover&quot;:&quot;yes&quot;,&quot;pause_on_interaction&quot;:&quot;yes&quot;,&quot;infinite&quot;:&quot;yes&quot;,&quot;speed&quot;:500,&quot;offset_sides&quot;:&quot;none&quot;,&quot;arrows&quot;:&quot;yes&quot;,&quot;image_spacing_custom&quot;:{&quot;unit&quot;:&quot;px&quot;,&quot;size&quot;:10,&quot;sizes&quot;:[]},&quot;image_spacing_custom_tablet&quot;:{&quot;unit&quot;:&quot;px&quot;,&quot;size&quot;:&quot;&quot;,&quot;sizes&quot;:[]},&quot;image_spacing_custom_mobile&quot;:{&quot;unit&quot;:&quot;px&quot;,&quot;size&quot;:&quot;&quot;,&quot;sizes&quot;:[]}}\" data-widget_type=\"nested-carousel.default\">\n\t\t\t\t\t\t\t<div class=\"e-n-carousel swiper\" role=\"region\" aria-roledescription=\"carousel\" aria-label=\"Carousel\" dir=\"ltr\">\n\t\t\t<div class=\"swiper-wrapper\" aria-live=\"off\">\n\t\t\t\t\t\t\t\t\t\t<div class=\"swiper-slide\" data-slide=\"1\" role=\"group\" aria-roledescription=\"slide\" aria-label=\"1 of 1\">\n\t\t\t\t\t\t\t<div class=\"elementor-element elementor-element-4d11477 e-flex e-con-boxed e-con e-child\" data-id=\"4d11477\" data-element_type=\"container\" data-e-type=\"container\">\n\t\t\t\t\t<div class=\"e-con-inner\">\n\t\t\t\t<div class=\"elementor-element elementor-element-3017a69 elementor-widget elementor-widget-video\" data-id=\"3017a69\" data-element_type=\"widget\" data-e-type=\"widget\" data-settings=\"{&quot;youtube_url&quot;:&quot;https:\\\/\\\/youtu.be\\\/y4fcTWKsyNQ?si=UHZhdxKFWD3gyrHo&quot;,&quot;show_image_overlay&quot;:&quot;yes&quot;,&quot;image_overlay&quot;:{&quot;url&quot;:&quot;https:\\\/\\\/laguatina.org\\\/wp-content\\\/uploads\\\/2026\\\/03\\\/260317-taller-09.webp&quot;,&quot;id&quot;:4081,&quot;size&quot;:&quot;&quot;,&quot;alt&quot;:&quot;&quot;,&quot;source&quot;:&quot;library&quot;},&quot;video_type&quot;:&quot;youtube&quot;,&quot;controls&quot;:&quot;yes&quot;}\" data-widget_type=\"video.default\">\n\t\t\t\t\t\t\t<div class=\"elementor-wrapper elementor-open-inline\">\n\t\t\t<div class=\"elementor-video\"><\/div>\t\t\t\t<div class=\"elementor-custom-embed-image-overlay\" style=\"background-image: url(https:\/\/laguatina.org\/wp-content\/uploads\/2026\/03\/260317-taller-09.webp);\">\n\t\t\t\t\t\t\t\t\t\t\t\t\t\t\t\t<div class=\"elementor-custom-embed-play\" role=\"button\" aria-label=\"Reproducir v\u00eddeo\" tabindex=\"0\">\n\t\t\t\t\t\t\t<svg aria-hidden=\"true\" class=\"e-font-icon-svg e-eicon-play\" viewBox=\"0 0 1000 1000\" xmlns=\"http:\/\/www.w3.org\/2000\/svg\"><path d=\"M838 162C746 71 633 25 500 25 371 25 258 71 163 162 71 254 25 367 25 500 25 633 71 746 163 837 254 929 367 979 500 979 633 979 746 933 838 837 929 746 975 633 975 500 975 367 929 254 838 162M808 192C892 279 933 379 933 500 933 621 892 725 808 808 725 892 621 938 500 938 379 938 279 896 196 808 113 725 67 621 67 500 67 379 108 279 196 192 279 108 383 62 500 62 621 62 721 108 808 192M438 392V642L642 517 438 392Z\"><\/path><\/svg>\t\t\t\t\t\t<\/div>\n\t\t\t\t\t\t\t\t\t<\/div>\n\t\t\t\t\t<\/div>\n\t\t\t\t\t\t<\/div>\n\t\t\t\t<div class=\"elementor-element elementor-element-fbf6062 elementor-widget elementor-widget-text-editor\" data-id=\"fbf6062\" data-element_type=\"widget\" data-e-type=\"widget\" data-widget_type=\"text-editor.default\">\n\t\t\t\t\t\t\t\t\t<h2 data-path-to-node=\"3\">El Encuentro de las Tres Herencias (Trietnicidad)<\/h2><p data-path-to-node=\"4\">La base de la danza colombiana ya es, en s\u00ed misma, una fusi\u00f3n espiritual:<\/p><ul data-path-to-node=\"5\"><li><p data-path-to-node=\"5,0,0\"><b data-path-to-node=\"5,0,0\" data-index-in-node=\"0\">La Ra\u00edz Ind\u00edgena:<\/b> Aporta la conexi\u00f3n con la <b data-path-to-node=\"5,0,0\" data-index-in-node=\"44\">Tierra<\/b>. Es el movimiento circular que nos recuerda los ciclos de la naturaleza.<\/p><\/li><li><p data-path-to-node=\"5,1,0\"><b data-path-to-node=\"5,1,0\" data-index-in-node=\"0\">La Herencia Africana:<\/b> Aporta el <b data-path-to-node=\"5,1,0\" data-index-in-node=\"32\">trance y la liberaci\u00f3n<\/b>. El tambor conecta con el latido del coraz\u00f3n y permite el desahogo de las cargas emocionales.<\/p><\/li><li><p data-path-to-node=\"5,2,0\"><b data-path-to-node=\"5,2,0\" data-index-in-node=\"0\">La Influencia Europea:<\/b> Aporta la <b data-path-to-node=\"5,2,0\" data-index-in-node=\"33\">estructura y la elegancia<\/b>. El control del cuerpo y la simetr\u00eda.<\/p><\/li><\/ul><p data-path-to-node=\"6\">Un ser diverso y arm\u00f3nico es alguien que ha dejado de ser un fragmento para convertirse en un todo. En La Guatina, la danza es el proceso alqu\u00edmico donde el &#8220;plomo&#8221; de la desconexi\u00f3n social se transforma en el &#8220;oro&#8221; de la identidad integrada.<\/p>\t\t\t\t\t\t\t\t<\/div>\n\t\t\t\t\t<\/div>\n\t\t\t\t<\/div>\n\t\t\t\t\t\t\t\t<\/div>\n\t\t\t\t\t\t\t\t<\/div>\n\t\t<\/div>\n\t\t\t\t\t\t<\/div>\n\t\t\t\t<\/div>\n\t\t<div class=\"elementor-element elementor-element-675b476 e-con-full e-flex e-con e-child\" data-id=\"675b476\" data-element_type=\"container\" data-e-type=\"container\">\n\t\t\t\t<div class=\"elementor-element elementor-element-5c404e9 elementor-arrows-position-inside elementor-widget elementor-widget-n-carousel\" data-id=\"5c404e9\" data-element_type=\"widget\" data-e-type=\"widget\" data-settings=\"{&quot;carousel_items&quot;:[{&quot;slide_title&quot;:&quot;Slide #1&quot;,&quot;_id&quot;:&quot;517c6b7&quot;}],&quot;slides_to_show&quot;:&quot;1&quot;,&quot;slides_to_show_mobile&quot;:&quot;6&quot;,&quot;slides_to_show_tablet&quot;:&quot;2&quot;,&quot;autoplay&quot;:&quot;yes&quot;,&quot;autoplay_speed&quot;:5000,&quot;pause_on_hover&quot;:&quot;yes&quot;,&quot;pause_on_interaction&quot;:&quot;yes&quot;,&quot;infinite&quot;:&quot;yes&quot;,&quot;speed&quot;:500,&quot;offset_sides&quot;:&quot;none&quot;,&quot;arrows&quot;:&quot;yes&quot;,&quot;image_spacing_custom&quot;:{&quot;unit&quot;:&quot;px&quot;,&quot;size&quot;:10,&quot;sizes&quot;:[]},&quot;image_spacing_custom_tablet&quot;:{&quot;unit&quot;:&quot;px&quot;,&quot;size&quot;:&quot;&quot;,&quot;sizes&quot;:[]},&quot;image_spacing_custom_mobile&quot;:{&quot;unit&quot;:&quot;px&quot;,&quot;size&quot;:&quot;&quot;,&quot;sizes&quot;:[]}}\" data-widget_type=\"nested-carousel.default\">\n\t\t\t\t\t\t\t<div class=\"e-n-carousel swiper\" role=\"region\" aria-roledescription=\"carousel\" aria-label=\"Carousel\" dir=\"ltr\">\n\t\t\t<div class=\"swiper-wrapper\" aria-live=\"off\">\n\t\t\t\t\t\t\t\t\t\t<div class=\"swiper-slide\" data-slide=\"1\" role=\"group\" aria-roledescription=\"slide\" aria-label=\"1 of 1\">\n\t\t\t\t\t\t\t<div class=\"elementor-element elementor-element-bf0a132 e-flex e-con-boxed e-con e-child\" data-id=\"bf0a132\" data-element_type=\"container\" data-e-type=\"container\">\n\t\t\t\t\t<div class=\"e-con-inner\">\n\t\t\t\t<div class=\"elementor-element elementor-element-6e70e9d elementor-widget elementor-widget-video\" data-id=\"6e70e9d\" data-element_type=\"widget\" data-e-type=\"widget\" data-settings=\"{&quot;youtube_url&quot;:&quot;https:\\\/\\\/youtu.be\\\/epDmvL6-v1s?si=3_Hd2hEccSSPqnQI&quot;,&quot;show_image_overlay&quot;:&quot;yes&quot;,&quot;image_overlay&quot;:{&quot;url&quot;:&quot;https:\\\/\\\/laguatina.org\\\/wp-content\\\/uploads\\\/2026\\\/03\\\/260318-salsa-calena.webp&quot;,&quot;id&quot;:4127,&quot;size&quot;:&quot;&quot;,&quot;alt&quot;:&quot;&quot;,&quot;source&quot;:&quot;library&quot;},&quot;video_type&quot;:&quot;youtube&quot;,&quot;controls&quot;:&quot;yes&quot;}\" data-widget_type=\"video.default\">\n\t\t\t\t\t\t\t<div class=\"elementor-wrapper elementor-open-inline\">\n\t\t\t<div class=\"elementor-video\"><\/div>\t\t\t\t<div class=\"elementor-custom-embed-image-overlay\" style=\"background-image: url(https:\/\/laguatina.org\/wp-content\/uploads\/2026\/03\/260318-salsa-calena.webp);\">\n\t\t\t\t\t\t\t\t\t\t\t\t\t\t\t\t<div class=\"elementor-custom-embed-play\" role=\"button\" aria-label=\"Reproducir v\u00eddeo\" tabindex=\"0\">\n\t\t\t\t\t\t\t<svg aria-hidden=\"true\" class=\"e-font-icon-svg e-eicon-play\" viewBox=\"0 0 1000 1000\" xmlns=\"http:\/\/www.w3.org\/2000\/svg\"><path d=\"M838 162C746 71 633 25 500 25 371 25 258 71 163 162 71 254 25 367 25 500 25 633 71 746 163 837 254 929 367 979 500 979 633 979 746 933 838 837 929 746 975 633 975 500 975 367 929 254 838 162M808 192C892 279 933 379 933 500 933 621 892 725 808 808 725 892 621 938 500 938 379 938 279 896 196 808 113 725 67 621 67 500 67 379 108 279 196 192 279 108 383 62 500 62 621 62 721 108 808 192M438 392V642L642 517 438 392Z\"><\/path><\/svg>\t\t\t\t\t\t<\/div>\n\t\t\t\t\t\t\t\t\t<\/div>\n\t\t\t\t\t<\/div>\n\t\t\t\t\t\t<\/div>\n\t\t\t\t<div class=\"elementor-element elementor-element-d865b81 elementor-widget elementor-widget-text-editor\" data-id=\"d865b81\" data-element_type=\"widget\" data-e-type=\"widget\" data-widget_type=\"text-editor.default\">\n\t\t\t\t\t\t\t\t\t<h2 data-path-to-node=\"8\">Di\u00e1logo con Tendencias Contempor\u00e1neas y Hol\u00edsticas<\/h2><p data-path-to-node=\"9\">En centros como <b data-path-to-node=\"9\" data-index-in-node=\"16\">La Guatina<\/b>, la tradici\u00f3n se encuentra con disciplinas modernas para potenciar el esp\u00edritu:<\/p><ul data-path-to-node=\"10\"><li><p data-path-to-node=\"10,0,0\"><b data-path-to-node=\"10,0,0\" data-index-in-node=\"0\">Danza Contempor\u00e1nea + Tradici\u00f3n:<\/b> El uso del suelo y la libertad de movimiento contempor\u00e1neo permiten que el bailar\u00edn explore sus traumas y alegr\u00edas personales, usando el ritmo folcl\u00f3rico como un &#8220;ancla&#8221; de identidad.<\/p><\/li><li><p data-path-to-node=\"10,1,0\"><b data-path-to-node=\"10,1,0\" data-index-in-node=\"0\">Danza-Terapia:<\/b> Se integran elementos del yoga o la meditaci\u00f3n en movimiento con ritmos como el currulao o el pasillo. Aqu\u00ed, el objetivo no es la perfecci\u00f3n t\u00e9cnica, sino la <b data-path-to-node=\"10,1,0\" data-index-in-node=\"173\">expansi\u00f3n de la conciencia<\/b>.<\/p><\/li><li><p data-path-to-node=\"10,2,0\"><b data-path-to-node=\"10,2,0\" data-index-in-node=\"0\">Salsa y Ritmos Urbanos:<\/b> La salsa, al fusionarse con el jazz o el funk, se convierte en un ejercicio de <b data-path-to-node=\"10,2,0\" data-index-in-node=\"103\">presencia absoluta<\/b> (Mindfulness), donde la conexi\u00f3n con la pareja requiere una escucha espiritual profunda.<\/p><\/li><\/ul>\t\t\t\t\t\t\t\t<\/div>\n\t\t\t\t\t<\/div>\n\t\t\t\t<\/div>\n\t\t\t\t\t\t\t\t<\/div>\n\t\t\t\t\t\t\t\t<\/div>\n\t\t<\/div>\n\t\t\t\t\t\t<\/div>\n\t\t\t\t<\/div>\n\t\t\t\t\t<\/div>\n\t\t\t\t<\/div>\n\t\t<div class=\"elementor-element elementor-element-f887359 e-flex e-con-boxed e-con e-parent\" data-id=\"f887359\" data-element_type=\"container\" data-e-type=\"container\">\n\t\t\t\t\t<div class=\"e-con-inner\">\n\t\t<div class=\"elementor-element elementor-element-7561559 e-con-full e-flex e-con e-child\" data-id=\"7561559\" data-element_type=\"container\" data-e-type=\"container\">\n\t\t\t\t<div class=\"elementor-element elementor-element-b6cb3cb elementor-widget elementor-widget-heading\" data-id=\"b6cb3cb\" data-element_type=\"widget\" data-e-type=\"widget\" data-widget_type=\"heading.default\">\n\t\t\t\t\t<h2 class=\"elementor-heading-title elementor-size-default\">La Guatina: El Escenario del Futuro<\/h2>\t\t\t\t<\/div>\n\t\t\t\t<div class=\"elementor-element elementor-element-6f6b3f2 elementor-widget elementor-widget-text-editor\" data-id=\"6f6b3f2\" data-element_type=\"widget\" data-e-type=\"widget\" data-widget_type=\"text-editor.default\">\n\t\t\t\t\t\t\t\t\t<p data-path-to-node=\"21\">\u00bfQu\u00e9 sigue para nosotros? Esta secci\u00f3n es una ventana a la visi\u00f3n del Centro Cultural. Queremos ser un laboratorio de creaci\u00f3n donde:<\/p><ul data-path-to-node=\"22\"><li><p data-path-to-node=\"22,0,0\">Los j\u00f3venes encuentren un lenguaje para expresarse.<\/p><\/li><li><p data-path-to-node=\"22,1,0\">Se fusionen los ritmos tradicionales con nuevas tendencias urbanas.<\/p><\/li><li><p data-path-to-node=\"22,2,0\">La danza sea una herramienta de paz y transformaci\u00f3n social para La Buitrera.<\/p><\/li><\/ul><blockquote><h4 data-path-to-node=\"23\"><b data-path-to-node=\"23\" data-index-in-node=\"0\">\u00a1El escenario est\u00e1 listo y solo faltas t\u00fa!<\/b><\/h4><\/blockquote>\t\t\t\t\t\t\t\t<\/div>\n\t\t\t\t<\/div>\n\t\t<div class=\"elementor-element elementor-element-40a9fe8 e-con-full e-flex e-con e-child\" data-id=\"40a9fe8\" data-element_type=\"container\" data-e-type=\"container\">\n\t\t\t\t<div class=\"elementor-element elementor-element-6169707 elementor-arrows-position-inside elementor-widget elementor-widget-n-carousel\" data-id=\"6169707\" data-element_type=\"widget\" data-e-type=\"widget\" data-settings=\"{&quot;carousel_items&quot;:[{&quot;slide_title&quot;:&quot;Slide #1&quot;,&quot;_id&quot;:&quot;517c6b7&quot;}],&quot;slides_to_show&quot;:&quot;1&quot;,&quot;slides_to_show_mobile&quot;:&quot;6&quot;,&quot;slides_to_show_tablet&quot;:&quot;2&quot;,&quot;autoplay&quot;:&quot;yes&quot;,&quot;autoplay_speed&quot;:5000,&quot;pause_on_hover&quot;:&quot;yes&quot;,&quot;pause_on_interaction&quot;:&quot;yes&quot;,&quot;infinite&quot;:&quot;yes&quot;,&quot;speed&quot;:500,&quot;offset_sides&quot;:&quot;none&quot;,&quot;arrows&quot;:&quot;yes&quot;,&quot;image_spacing_custom&quot;:{&quot;unit&quot;:&quot;px&quot;,&quot;size&quot;:10,&quot;sizes&quot;:[]},&quot;image_spacing_custom_tablet&quot;:{&quot;unit&quot;:&quot;px&quot;,&quot;size&quot;:&quot;&quot;,&quot;sizes&quot;:[]},&quot;image_spacing_custom_mobile&quot;:{&quot;unit&quot;:&quot;px&quot;,&quot;size&quot;:&quot;&quot;,&quot;sizes&quot;:[]}}\" data-widget_type=\"nested-carousel.default\">\n\t\t\t\t\t\t\t<div class=\"e-n-carousel swiper\" role=\"region\" aria-roledescription=\"carousel\" aria-label=\"Carousel\" dir=\"ltr\">\n\t\t\t<div class=\"swiper-wrapper\" aria-live=\"off\">\n\t\t\t\t\t\t\t\t\t\t<div class=\"swiper-slide\" data-slide=\"1\" role=\"group\" aria-roledescription=\"slide\" aria-label=\"1 of 1\">\n\t\t\t\t\t\t\t<div class=\"elementor-element elementor-element-82b7a11 e-flex e-con-boxed e-con e-child\" data-id=\"82b7a11\" data-element_type=\"container\" data-e-type=\"container\">\n\t\t\t\t\t<div class=\"e-con-inner\">\n\t\t\t\t<div class=\"elementor-element elementor-element-9cde7af elementor-widget elementor-widget-video\" data-id=\"9cde7af\" data-element_type=\"widget\" data-e-type=\"widget\" data-settings=\"{&quot;youtube_url&quot;:&quot;https:\\\/\\\/youtube.com\\\/shorts\\\/xKuFBG6rfDI?si=PaNL7ZQ3FvmtuYbE&quot;,&quot;show_image_overlay&quot;:&quot;yes&quot;,&quot;image_overlay&quot;:{&quot;url&quot;:&quot;https:\\\/\\\/laguatina.org\\\/wp-content\\\/uploads\\\/2026\\\/03\\\/260215-valeria-borrero.webp&quot;,&quot;id&quot;:3503,&quot;size&quot;:&quot;&quot;,&quot;alt&quot;:&quot;&quot;,&quot;source&quot;:&quot;library&quot;},&quot;video_type&quot;:&quot;youtube&quot;,&quot;controls&quot;:&quot;yes&quot;}\" data-widget_type=\"video.default\">\n\t\t\t\t\t\t\t<div class=\"elementor-wrapper elementor-open-inline\">\n\t\t\t<div class=\"elementor-video\"><\/div>\t\t\t\t<div class=\"elementor-custom-embed-image-overlay\" style=\"background-image: url(https:\/\/laguatina.org\/wp-content\/uploads\/2026\/03\/260215-valeria-borrero.webp);\">\n\t\t\t\t\t\t\t\t\t\t\t\t\t\t\t\t<div class=\"elementor-custom-embed-play\" role=\"button\" aria-label=\"Reproducir v\u00eddeo\" tabindex=\"0\">\n\t\t\t\t\t\t\t<svg aria-hidden=\"true\" class=\"e-font-icon-svg e-eicon-play\" viewBox=\"0 0 1000 1000\" xmlns=\"http:\/\/www.w3.org\/2000\/svg\"><path d=\"M838 162C746 71 633 25 500 25 371 25 258 71 163 162 71 254 25 367 25 500 25 633 71 746 163 837 254 929 367 979 500 979 633 979 746 933 838 837 929 746 975 633 975 500 975 367 929 254 838 162M808 192C892 279 933 379 933 500 933 621 892 725 808 808 725 892 621 938 500 938 379 938 279 896 196 808 113 725 67 621 67 500 67 379 108 279 196 192 279 108 383 62 500 62 621 62 721 108 808 192M438 392V642L642 517 438 392Z\"><\/path><\/svg>\t\t\t\t\t\t<\/div>\n\t\t\t\t\t\t\t\t\t<\/div>\n\t\t\t\t\t<\/div>\n\t\t\t\t\t\t<\/div>\n\t\t\t\t\t<\/div>\n\t\t\t\t<\/div>\n\t\t\t\t\t\t\t\t<\/div>\n\t\t\t\t\t\t\t\t<\/div>\n\t\t<\/div>\n\t\t\t\t\t\t<\/div>\n\t\t\t\t<\/div>\n\t\t\t\t\t<\/div>\n\t\t\t\t<\/div>\n\t\t<div class=\"elementor-element elementor-element-884dd12 e-flex e-con-boxed e-con e-parent\" data-id=\"884dd12\" data-element_type=\"container\" data-e-type=\"container\">\n\t\t\t\t\t<div class=\"e-con-inner\">\n\t\t\t\t<div class=\"elementor-element elementor-element-a566fc5 elementor-widget elementor-widget-text-editor\" data-id=\"a566fc5\" data-element_type=\"widget\" data-e-type=\"widget\" data-widget_type=\"text-editor.default\">\n\t\t\t\t\t\t\t\t\t<p>## \u00a1S\u00famate al movimiento en La Guatina!<\/p><blockquote><h6 style=\"text-align: center;\"><em>No importa si nunca has bailado o si el ritmo ya corre por tus venas. En el Centro Cultural La Guatina, nuestras puertas est\u00e1n abiertas para todas las edades. Ven a descubrir la fuerza del Pac\u00edfico, la elegancia de los Andes y la magia de nuestras ra\u00edces ind\u00edgenas en un ambiente rodeado de naturaleza.<\/em><\/h6><\/blockquote><p>Queremos que encuentres con nosotros:<\/p><p><strong>Talleres formativos:<\/strong> Desde iniciaci\u00f3n hasta perfeccionamiento.<\/p><p><strong>Encuentros interculturales:<\/strong> Espacios para compartir y aprender de nuestra historia.<\/p><p><strong>Presentaciones y comunidad:<\/strong> S\u00e9 parte de las muestras art\u00edsticas que dan vida a nuestro corregimiento.<\/p><h3 style=\"text-align: center;\">\u00a1Inscr\u00edbete hoy mismo!<br \/>No dejes para ma\u00f1ana el baile que puedes empezar hoy.<\/h3><p>\u00a1Hagamos que el conocimiento circule! \ud83d\udd04<\/p><blockquote><p>Cont\u00e1ctanos hoy mismo <a href=\"https:\/\/w.app\/8cviam\"><img decoding=\"async\" class=\"alignleft\" src=\"https:\/\/emojigraph.org\/media\/whatsapp\/yo-yo_1fa80.png\" alt=\"C\u00f3mo se ve el emoji Yoy\u00f3 en Whatsapp.\" width=\"87\" height=\"87\" \/><\/a><a href=\"https:\/\/w.app\/8cviam\">3108923517<\/a>\u00a0<\/p><p>cu\u00e9ntanos tu idea.\u00a0<\/p><\/blockquote>\t\t\t\t\t\t\t\t<\/div>\n\t\t\t\t\t<\/div>\n\t\t\t\t<\/div>\n\t\t\t\t<\/div>\n\t\t","protected":false},"excerpt":{"rendered":"<p>Talleres de Danza en La Buitrera | Movimiento y comunidad \u2013 La Guatina El Movimiento como Origen: La Danza en la Historia Humana Antes de las palabras, existi\u00f3 el movimiento.\u00a0En esta secci\u00f3n, exploramos c\u00f3mo la danza ha sido el lenguaje universal de la humanidad. Desde las pinturas rupestres que retrataban rituales de caza, hasta las [&hellip;]<\/p>\n","protected":false},"author":3,"featured_media":0,"parent":0,"menu_order":0,"comment_status":"closed","ping_status":"closed","template":"","meta":{"footnotes":""},"class_list":["post-3217","page","type-page","status-publish","hentry"],"aioseo_notices":[],"_links":{"self":[{"href":"https:\/\/laguatina.org\/index.php\/wp-json\/wp\/v2\/pages\/3217","targetHints":{"allow":["GET"]}}],"collection":[{"href":"https:\/\/laguatina.org\/index.php\/wp-json\/wp\/v2\/pages"}],"about":[{"href":"https:\/\/laguatina.org\/index.php\/wp-json\/wp\/v2\/types\/page"}],"author":[{"embeddable":true,"href":"https:\/\/laguatina.org\/index.php\/wp-json\/wp\/v2\/users\/3"}],"replies":[{"embeddable":true,"href":"https:\/\/laguatina.org\/index.php\/wp-json\/wp\/v2\/comments?post=3217"}],"version-history":[{"count":251,"href":"https:\/\/laguatina.org\/index.php\/wp-json\/wp\/v2\/pages\/3217\/revisions"}],"predecessor-version":[{"id":4539,"href":"https:\/\/laguatina.org\/index.php\/wp-json\/wp\/v2\/pages\/3217\/revisions\/4539"}],"wp:attachment":[{"href":"https:\/\/laguatina.org\/index.php\/wp-json\/wp\/v2\/media?parent=3217"}],"curies":[{"name":"wp","href":"https:\/\/api.w.org\/{rel}","templated":true}]}}